{"id":9377,"date":"2024-04-17T09:12:54","date_gmt":"2024-04-17T09:12:54","guid":{"rendered":"https:\/\/sirly.fi\/?page_id=9377"},"modified":"2024-04-17T09:56:39","modified_gmt":"2024-04-17T09:56:39","slug":"uusi-kotimainen-jaatelobrandi","status":"publish","type":"page","link":"https:\/\/sirly.fi\/fi\/uusi-kotimainen-jaatelobrandi\/","title":{"rendered":"Uusi kotimainen j\u00e4\u00e4telobr\u00e4ndi"},"content":{"rendered":"\t\t<div data-elementor-type=\"wp-page\" data-elementor-id=\"9377\" class=\"elementor elementor-9377\" data-elementor-post-type=\"page\">\n\t\t\t\t\t\t<main class=\"elementor-section elementor-top-section elementor-element elementor-element-347773f6 elementor-section-boxed elementor-section-height-default elementor-section-height-default\" data-id=\"347773f6\" data-element_type=\"section\" data-e-type=\"section\" data-settings=\"{&quot;animation&quot;:&quot;none&quot;}\">\n\t\t\t\t\t\t<div class=\"elementor-container elementor-column-gap-default\">\n\t\t\t\t\t<div class=\"elementor-column elementor-col-100 elementor-top-column elementor-element elementor-element-3f20fc9\" data-id=\"3f20fc9\" data-element_type=\"column\" data-e-type=\"column\">\n\t\t\t<div class=\"elementor-widget-wrap elementor-element-populated\">\n\t\t\t\t\t\t<div class=\"elementor-element elementor-element-2a6842e4 elementor-widget elementor-widget-heading\" data-id=\"2a6842e4\" data-element_type=\"widget\" data-e-type=\"widget\" data-settings=\"{&quot;_animation_tablet&quot;:&quot;none&quot;,&quot;_animation_mobile&quot;:&quot;fadeIn&quot;}\" data-widget_type=\"heading.default\">\n\t\t\t\t<div class=\"elementor-widget-container\">\n\t\t\t\t\t<h1 class=\"elementor-heading-title elementor-size-default\">Uusi kotimainen j\u00e4\u00e4tel\u00f6br\u00e4ndi<\/h1>\t\t\t\t<\/div>\n\t\t\t\t<\/div>\n\t\t\t\t<div class=\"elementor-element elementor-element-75725801 elementor-widget elementor-widget-text-editor\" data-id=\"75725801\" data-element_type=\"widget\" data-e-type=\"widget\" data-widget_type=\"text-editor.default\">\n\t\t\t\t<div class=\"elementor-widget-container\">\n\t\t\t\t\t\t\t\t\t<h4>Tavoitteena on rakentaa uusi kotimainen j\u00e4\u00e4tel\u00f6br\u00e4ndi, joka erottuu muista pakkausmuodolla, ekologisuudella ja makumaailmalla. J\u00e4\u00e4tel\u00f6iden kaikki raaka-aineet olisi tarkoitus l\u00f6yt\u00e4\u00e4 Suomesta ja erityisesti Lapista.<\/h4>\t\t\t\t\t\t\t\t<\/div>\n\t\t\t\t<\/div>\n\t\t\t\t\t<\/div>\n\t\t<\/div>\n\t\t\t\t\t<\/div>\n\t\t<\/main>\n\t\t\t\t<section class=\"elementor-section elementor-top-section elementor-element elementor-element-b26f1ba elementor-section-boxed elementor-section-height-default elementor-section-height-default\" data-id=\"b26f1ba\" data-element_type=\"section\" data-e-type=\"section\">\n\t\t\t\t\t\t<div class=\"elementor-container elementor-column-gap-default\">\n\t\t\t\t\t<div class=\"elementor-column elementor-col-50 elementor-top-column elementor-element elementor-element-5e5cfe5\" data-id=\"5e5cfe5\" data-element_type=\"column\" data-e-type=\"column\">\n\t\t\t<div class=\"elementor-widget-wrap elementor-element-populated\">\n\t\t\t\t\t\t<div class=\"elementor-element elementor-element-adde9f2 elementor-widget elementor-widget-image\" data-id=\"adde9f2\" data-element_type=\"widget\" data-e-type=\"widget\" data-widget_type=\"image.default\">\n\t\t\t\t<div class=\"elementor-widget-container\">\n\t\t\t\t\t\t\t\t\t\t\t\t\t\t\t<img decoding=\"async\" src=\"http:\/\/sirly.fi\/wp-content\/uploads\/2024\/04\/Uusi-kotimainen-jaatelobrandi-1.pdf\" title=\"\" alt=\"\" loading=\"lazy\" \/>\t\t\t\t\t\t\t\t\t\t\t\t\t\t\t<\/div>\n\t\t\t\t<\/div>\n\t\t\t\t\t<\/div>\n\t\t<\/div>\n\t\t\t\t<div class=\"elementor-column elementor-col-50 elementor-top-column elementor-element elementor-element-ec5b338\" data-id=\"ec5b338\" data-element_type=\"column\" data-e-type=\"column\">\n\t\t\t<div class=\"elementor-widget-wrap elementor-element-populated\">\n\t\t\t\t\t\t<div class=\"elementor-element elementor-element-ef6c9cd elementor-widget elementor-widget-image\" data-id=\"ef6c9cd\" data-element_type=\"widget\" data-e-type=\"widget\" data-widget_type=\"image.default\">\n\t\t\t\t<div class=\"elementor-widget-container\">\n\t\t\t\t\t\t\t\t\t\t\t\t\t\t\t<img fetchpriority=\"high\" decoding=\"async\" width=\"910\" height=\"922\" src=\"https:\/\/sirly.fi\/wp-content\/uploads\/2024\/04\/Euroopan-unionin-osarahoittama-x.jpg\" class=\"attachment-large size-large wp-image-9386\" alt=\"\" srcset=\"https:\/\/sirly.fi\/wp-content\/uploads\/2024\/04\/Euroopan-unionin-osarahoittama-x.jpg 910w, https:\/\/sirly.fi\/wp-content\/uploads\/2024\/04\/Euroopan-unionin-osarahoittama-x-296x300.jpg 296w, https:\/\/sirly.fi\/wp-content\/uploads\/2024\/04\/Euroopan-unionin-osarahoittama-x-768x778.jpg 768w, https:\/\/sirly.fi\/wp-content\/uploads\/2024\/04\/Euroopan-unionin-osarahoittama-x-12x12.jpg 12w\" sizes=\"(max-width: 910px) 100vw, 910px\" \/>\t\t\t\t\t\t\t\t\t\t\t\t\t\t\t<\/div>\n\t\t\t\t<\/div>\n\t\t\t\t\t<\/div>\n\t\t<\/div>\n\t\t\t\t\t<\/div>\n\t\t<\/section>\n\t\t\t\t<section class=\"elementor-section elementor-top-section elementor-element elementor-element-658c8b6f elementor-section-boxed elementor-section-height-default elementor-section-height-default\" data-id=\"658c8b6f\" data-element_type=\"section\" data-e-type=\"section\">\n\t\t\t\t\t\t<div class=\"elementor-container elementor-column-gap-default\">\n\t\t\t\t\t<div class=\"elementor-column elementor-col-100 elementor-top-column elementor-element elementor-element-6fd7aff5\" data-id=\"6fd7aff5\" data-element_type=\"column\" data-e-type=\"column\" data-settings=\"{&quot;background_background&quot;:&quot;classic&quot;,&quot;animation_tablet&quot;:&quot;fadeIn&quot;,&quot;animation_mobile&quot;:&quot;fadeIn&quot;}\">\n\t\t\t<div class=\"elementor-widget-wrap\">\n\t\t\t\t\t\t\t<\/div>\n\t\t<\/div>\n\t\t\t\t\t<\/div>\n\t\t<\/section>\n\t\t\t\t<\/div>\n\t\t","protected":false},"excerpt":{"rendered":"<p>Uusi kotimainen j\u00e4\u00e4tel\u00f6br\u00e4ndi Tavoitteena on rakentaa uusi kotimainen j\u00e4\u00e4tel\u00f6br\u00e4ndi, joka erottuu muista pakkausmuodolla, ekologisuudella ja makumaailmalla. J\u00e4\u00e4tel\u00f6iden kaikki raaka-aineet olisi tarkoitus l\u00f6yt\u00e4\u00e4 Suomesta ja erityisesti Lapista.<\/p>\n","protected":false},"author":1,"featured_media":0,"parent":0,"menu_order":0,"comment_status":"closed","ping_status":"closed","template":"elementor_header_footer","meta":{"site-sidebar-layout":"no-sidebar","site-content-layout":"page-builder","ast-site-content-layout":"full-width-container","site-content-style":"default","site-sidebar-style":"default","ast-global-header-display":"","ast-banner-title-visibility":"","ast-main-header-display":"","ast-hfb-above-header-display":"","ast-hfb-below-header-display":"","ast-hfb-mobile-header-display":"","site-post-title":"disabled","ast-breadcrumbs-content":"","ast-featured-img":"disabled","footer-sml-layout":"","ast-disable-related-posts":"","theme-transparent-header-meta":"","adv-header-id-meta":"","stick-header-meta":"","header-above-stick-meta":"","header-main-stick-meta":"","header-below-stick-meta":"","astra-migrate-meta-layouts":"set","ast-page-background-enabled":"default","ast-page-background-meta":{"desktop":{"background-color":"var(--ast-global-color-4)","background-image":"","background-repeat":"repeat","background-position":"center center","background-size":"auto","background-attachment":"scroll","background-type":"","background-media":"","overlay-type":"","overlay-color":"","overlay-opacity":"","overlay-gradient":""},"tablet":{"background-color":"","background-image":"","background-repeat":"repeat","background-position":"center center","background-size":"auto","background-attachment":"scroll","background-type":"","background-media":"","overlay-type":"","overlay-color":"","overlay-opacity":"","overlay-gradient":""},"mobile":{"background-color":"","background-image":"","background-repeat":"repeat","background-position":"center center","background-size":"auto","background-attachment":"scroll","background-type":"","background-media":"","overlay-type":"","overlay-color":"","overlay-opacity":"","overlay-gradient":""}},"ast-content-background-meta":{"desktop":{"background-color":"var(--ast-global-color-5)","background-image":"","background-repeat":"repeat","background-position":"center center","background-size":"auto","background-attachment":"scroll","background-type":"","background-media":"","overlay-type":"","overlay-color":"","overlay-opacity":"","overlay-gradient":""},"tablet":{"background-color":"var(--ast-global-color-5)","background-image":"","background-repeat":"repeat","background-position":"center center","background-size":"auto","background-attachment":"scroll","background-type":"","background-media":"","overlay-type":"","overlay-color":"","overlay-opacity":"","overlay-gradient":""},"mobile":{"background-color":"var(--ast-global-color-5)","background-image":"","background-repeat":"repeat","background-position":"center center","background-size":"auto","background-attachment":"scroll","background-type":"","background-media":"","overlay-type":"","overlay-color":"","overlay-opacity":"","overlay-gradient":""}},"footnotes":""},"class_list":["post-9377","page","type-page","status-publish","hentry"],"_links":{"self":[{"href":"https:\/\/sirly.fi\/fi\/wp-json\/wp\/v2\/pages\/9377","targetHints":{"allow":["GET"]}}],"collection":[{"href":"https:\/\/sirly.fi\/fi\/wp-json\/wp\/v2\/pages"}],"about":[{"href":"https:\/\/sirly.fi\/fi\/wp-json\/wp\/v2\/types\/page"}],"author":[{"embeddable":true,"href":"https:\/\/sirly.fi\/fi\/wp-json\/wp\/v2\/users\/1"}],"replies":[{"embeddable":true,"href":"https:\/\/sirly.fi\/fi\/wp-json\/wp\/v2\/comments?post=9377"}],"version-history":[{"count":10,"href":"https:\/\/sirly.fi\/fi\/wp-json\/wp\/v2\/pages\/9377\/revisions"}],"predecessor-version":[{"id":9397,"href":"https:\/\/sirly.fi\/fi\/wp-json\/wp\/v2\/pages\/9377\/revisions\/9397"}],"wp:attachment":[{"href":"https:\/\/sirly.fi\/fi\/wp-json\/wp\/v2\/media?parent=9377"}],"curies":[{"name":"wp","href":"https:\/\/api.w.org\/{rel}","templated":true}]}}