{"id":5845,"date":"2021-09-03T14:15:52","date_gmt":"2021-09-03T14:15:52","guid":{"rendered":"https:\/\/sirly.fi\/?page_id=5845"},"modified":"2022-04-06T09:38:34","modified_gmt":"2022-04-06T09:38:34","slug":"tietosuojaseloste","status":"publish","type":"page","link":"https:\/\/sirly.fi\/fi\/tietosuojaseloste\/","title":{"rendered":"Tietosuojaseloste"},"content":{"rendered":"\t\t<div data-elementor-type=\"wp-page\" data-elementor-id=\"5845\" class=\"elementor elementor-5845\" data-elementor-post-type=\"page\">\n\t\t\t\t\t\t<section class=\"elementor-section elementor-top-section elementor-element elementor-element-74ed40d0 elementor-section-boxed elementor-section-height-default elementor-section-height-default\" data-id=\"74ed40d0\" data-element_type=\"section\" data-e-type=\"section\">\n\t\t\t\t\t\t<div class=\"elementor-container elementor-column-gap-default\">\n\t\t\t\t\t<div class=\"elementor-column elementor-col-100 elementor-top-column elementor-element elementor-element-326ebd2a\" data-id=\"326ebd2a\" data-element_type=\"column\" data-e-type=\"column\">\n\t\t\t<div class=\"elementor-widget-wrap elementor-element-populated\">\n\t\t\t\t\t\t<div class=\"elementor-element elementor-element-48c8cfe7 elementor-widget elementor-widget-heading\" data-id=\"48c8cfe7\" data-element_type=\"widget\" data-e-type=\"widget\" data-widget_type=\"heading.default\">\n\t\t\t\t<div class=\"elementor-widget-container\">\n\t\t\t\t\t<h1 class=\"elementor-heading-title elementor-size-default\">Tietosuojaseloste<\/h1>\t\t\t\t<\/div>\n\t\t\t\t<\/div>\n\t\t\t\t\t<\/div>\n\t\t<\/div>\n\t\t\t\t\t<\/div>\n\t\t<\/section>\n\t\t\t\t<section class=\"elementor-section elementor-top-section elementor-element elementor-element-53157e6e elementor-section-boxed elementor-section-height-default elementor-section-height-default\" data-id=\"53157e6e\" data-element_type=\"section\" data-e-type=\"section\">\n\t\t\t\t\t\t<div class=\"elementor-container elementor-column-gap-default\">\n\t\t\t\t\t<div class=\"elementor-column elementor-col-100 elementor-top-column elementor-element elementor-element-5cf3298\" data-id=\"5cf3298\" data-element_type=\"column\" data-e-type=\"column\">\n\t\t\t<div class=\"elementor-widget-wrap elementor-element-populated\">\n\t\t\t\t\t\t<div class=\"elementor-element elementor-element-541358af elementor-widget elementor-widget-text-editor\" data-id=\"541358af\" data-element_type=\"widget\" data-e-type=\"widget\" data-widget_type=\"text-editor.default\">\n\t\t\t\t<div class=\"elementor-widget-container\">\n\t\t\t\t\t\t\t\t\t<p>Sirly Oy:n, sirly.fi verkkosivuston- sek\u00e4 kaupan asiakastietorekisteri. <br \/>Kaikki tiedot siirret\u00e4\u00e4n SSL-suojatun yhteyden ylitse.<\/p>\t\t\t\t\t\t\t\t<\/div>\n\t\t\t\t<\/div>\n\t\t\t\t\t<\/div>\n\t\t<\/div>\n\t\t\t\t\t<\/div>\n\t\t<\/section>\n\t\t\t\t<section class=\"elementor-section elementor-top-section elementor-element elementor-element-40d4d6a3 elementor-section-boxed elementor-section-height-default elementor-section-height-default\" data-id=\"40d4d6a3\" data-element_type=\"section\" data-e-type=\"section\">\n\t\t\t\t\t\t<div class=\"elementor-container elementor-column-gap-default\">\n\t\t\t\t\t<div class=\"elementor-column elementor-col-100 elementor-top-column elementor-element elementor-element-32fad422\" data-id=\"32fad422\" data-element_type=\"column\" data-e-type=\"column\">\n\t\t\t<div class=\"elementor-widget-wrap elementor-element-populated\">\n\t\t\t\t\t\t<div class=\"elementor-element elementor-element-55196de elementor-widget elementor-widget-text-editor\" data-id=\"55196de\" data-element_type=\"widget\" data-e-type=\"widget\" data-widget_type=\"text-editor.default\">\n\t\t\t\t<div class=\"elementor-widget-container\">\n\t\t\t\t\t\t\t\t\t<p><strong>Yksityisyys<\/strong><\/p>\t\t\t\t\t\t\t\t<\/div>\n\t\t\t\t<\/div>\n\t\t\t\t<div class=\"elementor-element elementor-element-4b349f04 elementor-widget elementor-widget-text-editor\" data-id=\"4b349f04\" data-element_type=\"widget\" data-e-type=\"widget\" data-widget_type=\"text-editor.default\">\n\t\t\t\t<div class=\"elementor-widget-container\">\n\t\t\t\t\t\t\t\t\t<p><strong>K\u00e4ytt\u00e4ess\u00e4si sivustoamme ker\u00e4\u00e4mme seuraavia tietoja<\/strong><br \/>Henkil\u00f6- ja yhteystiedot; Nimi, osoite, puhelinnumero ja s\u00e4hk\u00f6postiosoite<br \/>Tilaus- ja maksutiedot<br \/>Yhteydenotto- ja palauteviestit sek\u00e4 muut viestit joita meille l\u00e4hetet\u00e4\u00e4n<br \/>N\u00e4m\u00e4 tiedot ker\u00e4t\u00e4\u00e4n k\u00e4ytt\u00e4jilt\u00e4 itselt\u00e4\u00e4n.<\/p><p>Ker\u00e4\u00e4mme tietoja sivuston k\u00e4yt\u00f6st\u00e4 my\u00f6s google analytics ty\u00f6kalulla. Mik\u00e4li et halua antaa n\u00e4it\u00e4 tietoja meille se onnistuu lataamalla Googlen tarjoama lis\u00e4osa: https:\/\/tools.google.com\/dlpage\/gaoptout.<\/p>\t\t\t\t\t\t\t\t<\/div>\n\t\t\t\t<\/div>\n\t\t\t\t\t<\/div>\n\t\t<\/div>\n\t\t\t\t\t<\/div>\n\t\t<\/section>\n\t\t\t\t<section class=\"elementor-section elementor-top-section elementor-element elementor-element-20eda35b elementor-section-boxed elementor-section-height-default elementor-section-height-default\" data-id=\"20eda35b\" data-element_type=\"section\" data-e-type=\"section\">\n\t\t\t\t\t\t<div class=\"elementor-container elementor-column-gap-default\">\n\t\t\t\t\t<div class=\"elementor-column elementor-col-100 elementor-top-column elementor-element elementor-element-2cd17dad\" data-id=\"2cd17dad\" data-element_type=\"column\" data-e-type=\"column\">\n\t\t\t<div class=\"elementor-widget-wrap elementor-element-populated\">\n\t\t\t\t\t\t<div class=\"elementor-element elementor-element-2fcb2679 elementor-widget elementor-widget-text-editor\" data-id=\"2fcb2679\" data-element_type=\"widget\" data-e-type=\"widget\" data-widget_type=\"text-editor.default\">\n\t\t\t\t<div class=\"elementor-widget-container\">\n\t\t\t\t\t\t\t\t\t<p><strong>Ker\u00e4ttyjen tietojen turvallinen k\u00e4sittely ja s\u00e4ilytys<\/strong><br \/>S\u00e4ilyt\u00e4mme asiakastietoja k\u00e4ytt\u00e4m\u00e4ll\u00e4mme verkkokauppa alustalla WooCommerce:ssa sek\u00e4 yrityksen omissa tietokannoissa. Tiedot on suojattu palomuurilla, k\u00e4ytt\u00e4j\u00e4tunnuksin ja salasanoin.<\/p><p>Asiakastietoja k\u00e4sitell\u00e4\u00e4n henkil\u00f6tietolain sallimissa ja edellytt\u00e4miss\u00e4 rajoissa. Tietoja luovutetaan vain Sirly Oy:n ty\u00f6ntekij\u00f6ille, joiden toimenkuvaan kuuluu asiakassuhteiden ja tilausten k\u00e4sittely tai verkkosivuston yll\u00e4pito. Tietoja kerrotaan tai luovutetaan yrityksen ulkopuolisille vain lakiin perustuvan ilmoitusvelvollisuuden johdosta, poislukien tilausten toteuttamiseen tarvittavat tiedot. Jotkin k\u00e4ytt\u00e4m\u00e4mme palvelut kuten Klarna ja PayPal saattavat my\u00f6s s\u00e4il\u00f6\u00e4 tietoja palvelimilleen.<\/p><p>Rekisteriin ker\u00e4ttyj\u00e4 tietoja s\u00e4ilytet\u00e4\u00e4n ainoastaan niin kauan ja siin\u00e4 laajuudessa kuin on tarpeellista suhteessa niihin alkuper\u00e4isiin tai yhteensopiviin tarkoituksiin, joihin henkil\u00f6tiedot on ker\u00e4tty.<\/p>\t\t\t\t\t\t\t\t<\/div>\n\t\t\t\t<\/div>\n\t\t\t\t\t<\/div>\n\t\t<\/div>\n\t\t\t\t\t<\/div>\n\t\t<\/section>\n\t\t\t\t<section class=\"elementor-section elementor-top-section elementor-element elementor-element-e92bc25 elementor-section-boxed elementor-section-height-default elementor-section-height-default\" data-id=\"e92bc25\" data-element_type=\"section\" data-e-type=\"section\">\n\t\t\t\t\t\t<div class=\"elementor-container elementor-column-gap-default\">\n\t\t\t\t\t<div class=\"elementor-column elementor-col-100 elementor-top-column elementor-element elementor-element-7646c4ad\" data-id=\"7646c4ad\" data-element_type=\"column\" data-e-type=\"column\">\n\t\t\t<div class=\"elementor-widget-wrap elementor-element-populated\">\n\t\t\t\t\t\t<div class=\"elementor-element elementor-element-213aac11 elementor-widget elementor-widget-text-editor\" data-id=\"213aac11\" data-element_type=\"widget\" data-e-type=\"widget\" data-widget_type=\"text-editor.default\">\n\t\t\t\t<div class=\"elementor-widget-container\">\n\t\t\t\t\t\t\t\t\t<p><strong>Ev\u00e4stek\u00e4yt\u00e4nn\u00f6t (coocies) sivustollamme<\/strong><br \/>K\u00e4yt\u00e4mme sivuillamme ns. cookie-toimintoa eli ev\u00e4steit\u00e4, jotka ker\u00e4\u00e4v\u00e4t tietoa sivuston k\u00e4yt\u00f6st\u00e4 mutta eiv\u00e4t henkil\u00f6tietoja. T\u00e4m\u00e4 mahdollistaa kiinnostavan sis\u00e4ll\u00f6n kohdentamista kullekin k\u00e4ytt\u00e4j\u00e4lle. Mik\u00e4li sivustomme k\u00e4ytt\u00e4j\u00e4 ei halua antaa lupaa tietojen ker\u00e4\u00e4miseen ev\u00e4steiden avulla, useimmat selainohjelmat mahdollistavat ev\u00e4ste-toiminnon pois kytkemisen asetuksia muuttamalla. Huomioi, ett\u00e4 ev\u00e4steet voivat kuitenkin olla tarpeellisia sivuston asianmukaiselle toimimiselle.<\/p>\t\t\t\t\t\t\t\t<\/div>\n\t\t\t\t<\/div>\n\t\t\t\t\t<\/div>\n\t\t<\/div>\n\t\t\t\t\t<\/div>\n\t\t<\/section>\n\t\t\t\t<section class=\"elementor-section elementor-top-section elementor-element elementor-element-55918377 elementor-section-boxed elementor-section-height-default elementor-section-height-default\" data-id=\"55918377\" data-element_type=\"section\" data-e-type=\"section\">\n\t\t\t\t\t\t<div class=\"elementor-container elementor-column-gap-default\">\n\t\t\t\t\t<div class=\"elementor-column elementor-col-100 elementor-top-column elementor-element elementor-element-2100405d\" data-id=\"2100405d\" data-element_type=\"column\" data-e-type=\"column\">\n\t\t\t<div class=\"elementor-widget-wrap elementor-element-populated\">\n\t\t\t\t\t\t<div class=\"elementor-element elementor-element-1ac5e20e elementor-widget elementor-widget-text-editor\" data-id=\"1ac5e20e\" data-element_type=\"widget\" data-e-type=\"widget\" data-widget_type=\"text-editor.default\">\n\t\t\t\t<div class=\"elementor-widget-container\">\n\t\t\t\t\t\t\t\t\t<p><strong>Rekister\u00f6idyn oikeudet<\/strong><br \/>Henkil\u00f6tietojen k\u00e4sittely perustuu rekister\u00f6idyn antamaan suostumukseen. Rekister\u00f6idyll\u00e4 on oikeus peruuttaa antamansa suostumus ja pyyt\u00e4\u00e4 kyseisten tietojen poistamista rekisterist\u00e4. Lis\u00e4ksi henkil\u00f6ll\u00e4 on oikeus tarkastaa h\u00e4nest\u00e4 rekisteriin merkityt tiedot, vaatia virheellisten tai vanhentuneiden tietojen oikaisua sek\u00e4 muutoinkin turvautua laissa turvattuihin oikeuksiinsa.<\/p><p>Itse\u00e4\u00e4n koskevien tietojen tarkistuksia, korjauksia tai poistamista varten henkil\u00f6n tulee toimittaa kirjallinen tarkastuspyynt\u00f6 omak\u00e4tisesti allekirjoitettuna rekisterin yll\u00e4pit\u00e4j\u00e4lle. Tarkastusoikeus on maksuton enint\u00e4\u00e4n kerran vuodessa toteutettuna. Rekisteritiedot toimitetaan henkil\u00f6lle viimeist\u00e4\u00e4n kahden kuukauden kuluessa pyynn\u00f6st\u00e4.<\/p><p>Rekister\u00f6idyll\u00e4 on my\u00f6s oikeus tehd\u00e4 henkil\u00f6tietojensa k\u00e4sittelyyn liittyvist\u00e4 seikoista valitus valvontaviranomaiselle, jos rekister\u00f6ity katsoo, ett\u00e4 h\u00e4nt\u00e4 koskevien henkil\u00f6tietojen k\u00e4sittelyss\u00e4 rikotaan EU:n yleist\u00e4 tietosuoja-asetusta.<\/p><p>Tietosuojaseloste on hyv\u00e4ksytty 5.9.2021<\/p>\t\t\t\t\t\t\t\t<\/div>\n\t\t\t\t<\/div>\n\t\t\t\t\t<\/div>\n\t\t<\/div>\n\t\t\t\t\t<\/div>\n\t\t<\/section>\n\t\t\t\t<\/div>\n\t\t","protected":false},"excerpt":{"rendered":"<p>Tietosuojaseloste Sirly Oy:n, sirly.fi verkkosivuston- sek\u00e4 kaupan asiakastietorekisteri. Kaikki tiedot siirret\u00e4\u00e4n SSL-suojatun yhteyden ylitse. Yksityisyys K\u00e4ytt\u00e4ess\u00e4si sivustoamme ker\u00e4\u00e4mme seuraavia tietojaHenkil\u00f6- ja yhteystiedot; Nimi, osoite, puhelinnumero ja s\u00e4hk\u00f6postiosoiteTilaus- ja maksutiedotYhteydenotto- ja palauteviestit sek\u00e4 muut viestit joita meille l\u00e4hetet\u00e4\u00e4nN\u00e4m\u00e4 tiedot ker\u00e4t\u00e4\u00e4n k\u00e4ytt\u00e4jilt\u00e4 itselt\u00e4\u00e4n. Ker\u00e4\u00e4mme tietoja sivuston k\u00e4yt\u00f6st\u00e4 my\u00f6s google analytics ty\u00f6kalulla. Mik\u00e4li et halua antaa n\u00e4it\u00e4 tietoja [&hellip;]<\/p>\n","protected":false},"author":1,"featured_media":0,"parent":0,"menu_order":11,"comment_status":"closed","ping_status":"closed","template":"","meta":{"site-sidebar-layout":"default","site-content-layout":"","ast-site-content-layout":"default","site-content-style":"default","site-sidebar-style":"default","ast-global-header-display":"","ast-banner-title-visibility":"","ast-main-header-display":"","ast-hfb-above-header-display":"","ast-hfb-below-header-display":"","ast-hfb-mobile-header-display":"","site-post-title":"","ast-breadcrumbs-content":"","ast-featured-img":"","footer-sml-layout":"","ast-disable-related-posts":"","theme-transparent-header-meta":"","adv-header-id-meta":"","stick-header-meta":"","header-above-stick-meta":"","header-main-stick-meta":"","header-below-stick-meta":"","astra-migrate-meta-layouts":"default","ast-page-background-enabled":"default","ast-page-background-meta":{"desktop":{"background-color":"var(--ast-global-color-4)","background-image":"","background-repeat":"repeat","background-position":"center center","background-size":"auto","background-attachment":"scroll","background-type":"","background-media":"","overlay-type":"","overlay-color":"","overlay-opacity":"","overlay-gradient":""},"tablet":{"background-color":"","background-image":"","background-repeat":"repeat","background-position":"center center","background-size":"auto","background-attachment":"scroll","background-type":"","background-media":"","overlay-type":"","overlay-color":"","overlay-opacity":"","overlay-gradient":""},"mobile":{"background-color":"","background-image":"","background-repeat":"repeat","background-position":"center center","background-size":"auto","background-attachment":"scroll","background-type":"","background-media":"","overlay-type":"","overlay-color":"","overlay-opacity":"","overlay-gradient":""}},"ast-content-background-meta":{"desktop":{"background-color":"var(--ast-global-color-5)","background-image":"","background-repeat":"repeat","background-position":"center center","background-size":"auto","background-attachment":"scroll","background-type":"","background-media":"","overlay-type":"","overlay-color":"","overlay-opacity":"","overlay-gradient":""},"tablet":{"background-color":"var(--ast-global-color-5)","background-image":"","background-repeat":"repeat","background-position":"center center","background-size":"auto","background-attachment":"scroll","background-type":"","background-media":"","overlay-type":"","overlay-color":"","overlay-opacity":"","overlay-gradient":""},"mobile":{"background-color":"var(--ast-global-color-5)","background-image":"","background-repeat":"repeat","background-position":"center center","background-size":"auto","background-attachment":"scroll","background-type":"","background-media":"","overlay-type":"","overlay-color":"","overlay-opacity":"","overlay-gradient":""}},"footnotes":""},"class_list":["post-5845","page","type-page","status-publish","hentry"],"_links":{"self":[{"href":"https:\/\/sirly.fi\/fi\/wp-json\/wp\/v2\/pages\/5845","targetHints":{"allow":["GET"]}}],"collection":[{"href":"https:\/\/sirly.fi\/fi\/wp-json\/wp\/v2\/pages"}],"about":[{"href":"https:\/\/sirly.fi\/fi\/wp-json\/wp\/v2\/types\/page"}],"author":[{"embeddable":true,"href":"https:\/\/sirly.fi\/fi\/wp-json\/wp\/v2\/users\/1"}],"replies":[{"embeddable":true,"href":"https:\/\/sirly.fi\/fi\/wp-json\/wp\/v2\/comments?post=5845"}],"version-history":[{"count":0,"href":"https:\/\/sirly.fi\/fi\/wp-json\/wp\/v2\/pages\/5845\/revisions"}],"wp:attachment":[{"href":"https:\/\/sirly.fi\/fi\/wp-json\/wp\/v2\/media?parent=5845"}],"curies":[{"name":"wp","href":"https:\/\/api.w.org\/{rel}","templated":true}]}}