{"id":4420,"date":"2021-04-07T09:15:10","date_gmt":"2021-04-07T09:15:10","guid":{"rendered":"https:\/\/sirly.fi\/?page_id=4420"},"modified":"2024-04-14T11:39:28","modified_gmt":"2024-04-14T11:39:28","slug":"reseptit","status":"publish","type":"page","link":"https:\/\/sirly.fi\/en\/reseptit\/","title":{"rendered":"Sirly's Recipes"},"content":{"rendered":"<div data-elementor-type=\"wp-page\" data-elementor-id=\"4420\" class=\"elementor elementor-4420\" data-elementor-post-type=\"page\">\n\t\t\t\t\t\t<main class=\"elementor-section elementor-top-section elementor-element elementor-element-131e3d8 elementor-section-boxed elementor-section-height-default elementor-section-height-default\" data-id=\"131e3d8\" data-element_type=\"section\" data-e-type=\"section\">\n\t\t\t\t\t\t<div class=\"elementor-container elementor-column-gap-default\">\n\t\t\t\t\t<div class=\"elementor-column elementor-col-100 elementor-top-column elementor-element elementor-element-30ded2d\" data-id=\"30ded2d\" data-element_type=\"column\" data-e-type=\"column\">\n\t\t\t<div class=\"elementor-widget-wrap elementor-element-populated\">\n\t\t\t\t\t\t<div class=\"elementor-element elementor-element-c036d05 elementor-widget elementor-widget-heading\" data-id=\"c036d05\" data-element_type=\"widget\" data-e-type=\"widget\" data-widget_type=\"heading.default\">\n\t\t\t\t<div class=\"elementor-widget-container\">\n\t\t\t\t\t<h1 class=\"elementor-heading-title elementor-size-default\">Sirly's Recipes<\/h1>\t\t\t\t<\/div>\n\t\t\t\t<\/div>\n\t\t\t\t<div class=\"elementor-element elementor-element-feaeb9b elementor-widget elementor-widget-text-editor\" data-id=\"feaeb9b\" data-element_type=\"widget\" data-e-type=\"widget\" data-widget_type=\"text-editor.default\">\n\t\t\t\t<div class=\"elementor-widget-container\">\n\t\t\t\t\t\t\t\t\t<p>Check out Sirly's recipes and learn how to cook like a professional chef. Pick the shopping list and the instructions from the posts below.<\/p>\t\t\t\t\t\t\t\t<\/div>\n\t\t\t\t<\/div>\n\t\t\t\t\t<\/div>\n\t\t<\/div>\n\t\t\t\t\t<\/div>\n\t\t<\/main>\n\t\t\t\t<section class=\"elementor-section elementor-top-section elementor-element elementor-element-11b8d318 elementor-section-boxed elementor-section-height-default elementor-section-height-default\" data-id=\"11b8d318\" data-element_type=\"section\" data-e-type=\"section\">\n\t\t\t\t\t\t<div class=\"elementor-container elementor-column-gap-default\">\n\t\t\t\t\t<div class=\"elementor-column elementor-col-100 elementor-top-column elementor-element elementor-element-46993fc5\" data-id=\"46993fc5\" data-element_type=\"column\" data-e-type=\"column\">\n\t\t\t<div class=\"elementor-widget-wrap elementor-element-populated\">\n\t\t\t\t\t\t<div class=\"elementor-element elementor-element-7fb77d7f elementor-grid-eael-col-3 elementor-grid-tablet-eael-col-3 elementor-grid-mobile_extra-eael-col-2 elementor-grid-mobile-eael-col-2 elementor-widget elementor-widget-eael-post-grid\" data-id=\"7fb77d7f\" data-element_type=\"widget\" data-e-type=\"widget\" data-settings=\"{&quot;eael_post_grid_columns&quot;:&quot;eael-col-3&quot;,&quot;eael_post_grid_columns_tablet&quot;:&quot;eael-col-3&quot;,&quot;eael_post_grid_columns_mobile_extra&quot;:&quot;eael-col-2&quot;,&quot;eael_post_grid_columns_mobile&quot;:&quot;eael-col-2&quot;}\" data-widget_type=\"eael-post-grid.default\">\n\t\t\t\t<div class=\"elementor-widget-container\">\n\t\t\t\t\t<div id=\"eael-post-grid-7fb77d7f\" class=\"eael-post-grid-container\">\n            <div class=\"eael-post-grid eael-post-appender eael-post-appender-7fb77d7f eael-post-grid-style-three\" data-layout-mode=\"grid\"><article class=\"eael-grid-post  eael-post-grid-column eael-pg-post-3129 category-kokkausvideot\" data-id=\"3129\">\n        <div class=\"eael-grid-post-holder\">\n            <div class=\"eael-grid-post-holder-inner\"><div class=\"eael-entry-media\"><div class=\"eael-entry-overlay fade-in\"><i class=\"\" aria-hidden=\"true\"><\/i><a href=\"https:\/\/sirly.fi\/en\/chef-sirlyn-kokkikoulu\/\"><\/a><\/div><div class=\"eael-entry-thumbnail\">\n                 <img fetchpriority=\"high\" decoding=\"async\" width=\"683\" height=\"1024\" src=\"https:\/\/sirly.fi\/wp-content\/uploads\/2021\/03\/IMG_2098-683x1024.jpg\" class=\"attachment-large size-large wp-image-3361\" alt=\"Kokkikoulu MasterChef Sirlyn kotikeitti\u00f6ss\u00e4\" srcset=\"https:\/\/sirly.fi\/wp-content\/uploads\/2021\/03\/IMG_2098-683x1024.jpg 683w, https:\/\/sirly.fi\/wp-content\/uploads\/2021\/03\/IMG_2098-scaled-350x525.jpg 350w, https:\/\/sirly.fi\/wp-content\/uploads\/2021\/03\/IMG_2098-scaled-680x1020.jpg 680w, https:\/\/sirly.fi\/wp-content\/uploads\/2021\/03\/IMG_2098-200x300.jpg 200w, https:\/\/sirly.fi\/wp-content\/uploads\/2021\/03\/IMG_2098-768x1152.jpg 768w, https:\/\/sirly.fi\/wp-content\/uploads\/2021\/03\/IMG_2098-1024x1536.jpg 1024w, https:\/\/sirly.fi\/wp-content\/uploads\/2021\/03\/IMG_2098-1365x2048.jpg 1365w, https:\/\/sirly.fi\/wp-content\/uploads\/2021\/03\/IMG_2098-scaled.jpg 1707w\" sizes=\"(max-width: 683px) 100vw, 683px\" \/>\n             <\/div>\n        <\/div><div class=\"eael-entry-wrapper\"><header class=\"eael-entry-header\"><h2 class=\"eael-entry-title\"><a class=\"eael-grid-post-link\" href=\"https:\/\/sirly.fi\/en\/chef-sirlyn-kokkikoulu\/\" title=\"MasterChef Sirly&#039;s home kitchen\">MasterChef Sirly's home kitchen<\/a><\/h2><\/header><div class=\"eael-entry-content\">\n                        <div class=\"eael-grid-post-excerpt\"><p>Welcome to cooking school in Sirly\u2019s home.<\/p><\/div>\n                    <\/div><\/div><\/div>\n        <\/div>\n    <\/article><article class=\"eael-grid-post  eael-post-grid-column eael-pg-post-3147 category-kokkausvideot\" data-id=\"3147\">\n        <div class=\"eael-grid-post-holder\">\n            <div class=\"eael-grid-post-holder-inner\"><div class=\"eael-entry-media\"><div class=\"eael-entry-overlay fade-in\"><i class=\"\" aria-hidden=\"true\"><\/i><a href=\"https:\/\/sirly.fi\/en\/valmista-kotona-ravintolatason-pizza\/\"><\/a><\/div><div class=\"eael-entry-thumbnail\">\n                 <img decoding=\"async\" width=\"768\" height=\"1024\" data-src=\"https:\/\/sirly.fi\/wp-content\/uploads\/2021\/03\/b373788c-ffda-4704-aaba-2c4fa1b39f79-768x1024.jpg\" class=\"attachment-large size-large wp-image-3919 lazyload\" alt=\"Valmista kotona ravintolatason pizza\" data-srcset=\"https:\/\/sirly.fi\/wp-content\/uploads\/2021\/03\/b373788c-ffda-4704-aaba-2c4fa1b39f79-768x1024.jpg 768w, https:\/\/sirly.fi\/wp-content\/uploads\/2021\/03\/b373788c-ffda-4704-aaba-2c4fa1b39f79-350x467.jpg 350w, https:\/\/sirly.fi\/wp-content\/uploads\/2021\/03\/b373788c-ffda-4704-aaba-2c4fa1b39f79-680x907.jpg 680w, https:\/\/sirly.fi\/wp-content\/uploads\/2021\/03\/b373788c-ffda-4704-aaba-2c4fa1b39f79-225x300.jpg 225w, https:\/\/sirly.fi\/wp-content\/uploads\/2021\/03\/b373788c-ffda-4704-aaba-2c4fa1b39f79-1152x1536.jpg 1152w, https:\/\/sirly.fi\/wp-content\/uploads\/2021\/03\/b373788c-ffda-4704-aaba-2c4fa1b39f79.jpg 1200w\" data-sizes=\"(max-width: 768px) 100vw, 768px\" src=\"data:image\/svg+xml;base64,PHN2ZyB3aWR0aD0iMSIgaGVpZ2h0PSIxIiB4bWxucz0iaHR0cDovL3d3dy53My5vcmcvMjAwMC9zdmciPjwvc3ZnPg==\" style=\"--smush-placeholder-width: 768px; --smush-placeholder-aspect-ratio: 768\/1024;\" \/>\n             <\/div>\n        <\/div><div class=\"eael-entry-wrapper\"><header class=\"eael-entry-header\"><h2 class=\"eael-entry-title\"><a class=\"eael-grid-post-link\" href=\"https:\/\/sirly.fi\/en\/valmista-kotona-ravintolatason-pizza\/\" title=\"How to prepare restaurant quality pizza at home?\">How to prepare restaurant quality pizza at home?<\/a><\/h2><\/header><div class=\"eael-entry-content\">\n                        <div class=\"eael-grid-post-excerpt\"><p>Restaurant quality pizza at home requires a very hot oven, high quality ingredients and long risen Neapolitan pizza dough.<\/p><\/div>\n                    <\/div><\/div><\/div>\n        <\/div>\n    <\/article><article class=\"eael-grid-post  eael-post-grid-column eael-pg-post-3181 category-kokkausvideot\" data-id=\"3181\">\n        <div class=\"eael-grid-post-holder\">\n            <div class=\"eael-grid-post-holder-inner\"><div class=\"eael-entry-media\"><div class=\"eael-entry-overlay fade-in\"><i class=\"\" aria-hidden=\"true\"><\/i><a href=\"https:\/\/sirly.fi\/en\/lasagne-huippukokin-ohjeella\/\"><\/a><\/div><div class=\"eael-entry-thumbnail\">\n                 <img decoding=\"async\" width=\"683\" height=\"1024\" data-src=\"https:\/\/sirly.fi\/wp-content\/uploads\/2021\/02\/MV--scaled.jpg\" class=\"attachment-large size-large wp-image-801 lazyload\" alt=\"Lasagne huippukokin ohjeella\" src=\"data:image\/svg+xml;base64,PHN2ZyB3aWR0aD0iMSIgaGVpZ2h0PSIxIiB4bWxucz0iaHR0cDovL3d3dy53My5vcmcvMjAwMC9zdmciPjwvc3ZnPg==\" style=\"--smush-placeholder-width: 683px; --smush-placeholder-aspect-ratio: 683\/1024;\" \/>\n             <\/div>\n        <\/div><div class=\"eael-entry-wrapper\"><header class=\"eael-entry-header\"><h2 class=\"eael-entry-title\"><a class=\"eael-grid-post-link\" href=\"https:\/\/sirly.fi\/en\/lasagne-huippukokin-ohjeella\/\" title=\"Learn to cook lasagna with a topchefs receipe!\">Learn to cook lasagna with a topchefs receipe!<\/a><\/h2><\/header><div class=\"eael-entry-content\">\n                        <div class=\"eael-grid-post-excerpt\"><p>Genuine Italian lasagna is made from longly braised tomato sauce and homemade B\u00e9chamel sauce.<\/p><\/div>\n                    <\/div><\/div><\/div>\n        <\/div>\n    <\/article><article class=\"eael-grid-post  eael-post-grid-column eael-pg-post-3223 category-kokkausvideot\" data-id=\"3223\">\n        <div class=\"eael-grid-post-holder\">\n            <div class=\"eael-grid-post-holder-inner\"><div class=\"eael-entry-media\"><div class=\"eael-entry-overlay fade-in\"><i class=\"\" aria-hidden=\"true\"><\/i><a href=\"https:\/\/sirly.fi\/en\/porolihapullat-juustosydamella\/\"><\/a><\/div><div class=\"eael-entry-thumbnail\">\n                 <img decoding=\"async\" width=\"683\" height=\"1024\" data-src=\"https:\/\/sirly.fi\/wp-content\/uploads\/2021\/03\/4F3A7757-683x1024.jpg\" class=\"attachment-large size-large wp-image-3918 lazyload\" alt=\"Porolihapullat juustosyd\u00e4mell\u00e4\" data-srcset=\"https:\/\/sirly.fi\/wp-content\/uploads\/2021\/03\/4F3A7757-683x1024.jpg 683w, https:\/\/sirly.fi\/wp-content\/uploads\/2021\/03\/4F3A7757-scaled-350x525.jpg 350w, https:\/\/sirly.fi\/wp-content\/uploads\/2021\/03\/4F3A7757-scaled-680x1020.jpg 680w, https:\/\/sirly.fi\/wp-content\/uploads\/2021\/03\/4F3A7757-200x300.jpg 200w, https:\/\/sirly.fi\/wp-content\/uploads\/2021\/03\/4F3A7757-768x1152.jpg 768w, https:\/\/sirly.fi\/wp-content\/uploads\/2021\/03\/4F3A7757-1024x1536.jpg 1024w, https:\/\/sirly.fi\/wp-content\/uploads\/2021\/03\/4F3A7757-1365x2048.jpg 1365w, https:\/\/sirly.fi\/wp-content\/uploads\/2021\/03\/4F3A7757-scaled.jpg 1707w\" data-sizes=\"(max-width: 683px) 100vw, 683px\" src=\"data:image\/svg+xml;base64,PHN2ZyB3aWR0aD0iMSIgaGVpZ2h0PSIxIiB4bWxucz0iaHR0cDovL3d3dy53My5vcmcvMjAwMC9zdmciPjwvc3ZnPg==\" style=\"--smush-placeholder-width: 683px; --smush-placeholder-aspect-ratio: 683\/1024;\" \/>\n             <\/div>\n        <\/div><div class=\"eael-entry-wrapper\"><header class=\"eael-entry-header\"><h2 class=\"eael-entry-title\"><a class=\"eael-grid-post-link\" href=\"https:\/\/sirly.fi\/en\/porolihapullat-juustosydamella\/\" title=\"Sirly&#039;s reindeer meatballs with cheese!\">Sirly's reindeer meatballs with cheese!<\/a><\/h2><\/header><div class=\"eael-entry-content\">\n                        <div class=\"eael-grid-post-excerpt\"><p>MasterChef Sirly cooks delicious reindeer meatballs from Kuusamon Juusto\u2019s Smoke cheese.<\/p><\/div>\n                    <\/div><\/div><\/div>\n        <\/div>\n    <\/article><article class=\"eael-grid-post  eael-post-grid-column eael-pg-post-3191 category-kokkausvideot\" data-id=\"3191\">\n        <div class=\"eael-grid-post-holder\">\n            <div class=\"eael-grid-post-holder-inner\"><div class=\"eael-entry-media\"><div class=\"eael-entry-overlay fade-in\"><i class=\"\" aria-hidden=\"true\"><\/i><a href=\"https:\/\/sirly.fi\/en\/hamppua-pestossa\/\"><\/a><\/div><div class=\"eael-entry-thumbnail\">\n                 <img decoding=\"async\" width=\"1000\" height=\"562\" data-src=\"https:\/\/sirly.fi\/wp-content\/uploads\/2021\/03\/KUUSAMON-JUUSTO-PESTOLOHI-REFERENSSIKUVA.jpg\" class=\"attachment-large size-large wp-image-3779 lazyload\" alt=\"Hamppua pestossa?\" data-srcset=\"https:\/\/sirly.fi\/wp-content\/uploads\/2021\/03\/KUUSAMON-JUUSTO-PESTOLOHI-REFERENSSIKUVA.jpg 1000w, https:\/\/sirly.fi\/wp-content\/uploads\/2021\/03\/KUUSAMON-JUUSTO-PESTOLOHI-REFERENSSIKUVA-350x197.jpg 350w, https:\/\/sirly.fi\/wp-content\/uploads\/2021\/03\/KUUSAMON-JUUSTO-PESTOLOHI-REFERENSSIKUVA-680x382.jpg 680w, https:\/\/sirly.fi\/wp-content\/uploads\/2021\/03\/KUUSAMON-JUUSTO-PESTOLOHI-REFERENSSIKUVA-300x169.jpg 300w, https:\/\/sirly.fi\/wp-content\/uploads\/2021\/03\/KUUSAMON-JUUSTO-PESTOLOHI-REFERENSSIKUVA-768x432.jpg 768w\" data-sizes=\"(max-width: 1000px) 100vw, 1000px\" src=\"data:image\/svg+xml;base64,PHN2ZyB3aWR0aD0iMSIgaGVpZ2h0PSIxIiB4bWxucz0iaHR0cDovL3d3dy53My5vcmcvMjAwMC9zdmciPjwvc3ZnPg==\" style=\"--smush-placeholder-width: 1000px; --smush-placeholder-aspect-ratio: 1000\/562;\" \/>\n             <\/div>\n        <\/div><div class=\"eael-entry-wrapper\"><header class=\"eael-entry-header\"><h2 class=\"eael-entry-title\"><a class=\"eael-grid-post-link\" href=\"https:\/\/sirly.fi\/en\/hamppua-pestossa\/\" title=\"Hemp in pesto ?\">Hemp in pesto ?<\/a><\/h2><\/header><div class=\"eael-entry-content\">\n                        <div class=\"eael-grid-post-excerpt\"><p>Pesto salmon dish is built around Kuusamon Juusto Mustaleima Emmental.<\/p><\/div>\n                    <\/div><\/div><\/div>\n        <\/div>\n    <\/article><article class=\"eael-grid-post  eael-post-grid-column eael-pg-post-3198 category-kokkausvideot\" data-id=\"3198\">\n        <div class=\"eael-grid-post-holder\">\n            <div class=\"eael-grid-post-holder-inner\"><div class=\"eael-entry-media\"><div class=\"eael-entry-overlay fade-in\"><i class=\"\" aria-hidden=\"true\"><\/i><a href=\"https:\/\/sirly.fi\/en\/ketopizza-savuporolla\/\"><\/a><\/div><div class=\"eael-entry-thumbnail\">\n                 <img decoding=\"async\" width=\"1024\" height=\"576\" data-src=\"https:\/\/sirly.fi\/wp-content\/uploads\/2021\/03\/KUUSAMON-JUUSTO-KETOPIZZA-REFERENSSIKUVA-1024x576.jpg\" class=\"attachment-large size-large wp-image-3780 lazyload\" alt=\"Ketopizza savuporolla\" data-srcset=\"https:\/\/sirly.fi\/wp-content\/uploads\/2021\/03\/KUUSAMON-JUUSTO-KETOPIZZA-REFERENSSIKUVA-1024x576.jpg 1024w, https:\/\/sirly.fi\/wp-content\/uploads\/2021\/03\/KUUSAMON-JUUSTO-KETOPIZZA-REFERENSSIKUVA-350x197.jpg 350w, https:\/\/sirly.fi\/wp-content\/uploads\/2021\/03\/KUUSAMON-JUUSTO-KETOPIZZA-REFERENSSIKUVA-680x383.jpg 680w, https:\/\/sirly.fi\/wp-content\/uploads\/2021\/03\/KUUSAMON-JUUSTO-KETOPIZZA-REFERENSSIKUVA-300x169.jpg 300w, https:\/\/sirly.fi\/wp-content\/uploads\/2021\/03\/KUUSAMON-JUUSTO-KETOPIZZA-REFERENSSIKUVA-768x432.jpg 768w, https:\/\/sirly.fi\/wp-content\/uploads\/2021\/03\/KUUSAMON-JUUSTO-KETOPIZZA-REFERENSSIKUVA.jpg 1500w\" data-sizes=\"(max-width: 1024px) 100vw, 1024px\" src=\"data:image\/svg+xml;base64,PHN2ZyB3aWR0aD0iMSIgaGVpZ2h0PSIxIiB4bWxucz0iaHR0cDovL3d3dy53My5vcmcvMjAwMC9zdmciPjwvc3ZnPg==\" style=\"--smush-placeholder-width: 1024px; --smush-placeholder-aspect-ratio: 1024\/576;\" \/>\n             <\/div>\n        <\/div><div class=\"eael-entry-wrapper\"><header class=\"eael-entry-header\"><h2 class=\"eael-entry-title\"><a class=\"eael-grid-post-link\" href=\"https:\/\/sirly.fi\/en\/ketopizza-savuporolla\/\" title=\"Trendy ketopizza with smoked reindeer!\">Trendy ketopizza with smoked reindeer!<\/a><\/h2><\/header><div class=\"eael-entry-content\">\n                        <div class=\"eael-grid-post-excerpt\"><p>Let\u2019s cook a trendy ketopizza from Kuusamon Juusto products!<\/p><\/div>\n                    <\/div><\/div><\/div>\n        <\/div>\n    <\/article><\/div>\n            <div class=\"clearfix\"><\/div>\n        <\/div>\t\t\t\t<\/div>\n\t\t\t\t<\/div>\n\t\t\t\t\t<\/div>\n\t\t<\/div>\n\t\t\t\t\t<\/div>\n\t\t<\/section>\n\t\t\t\t<\/div>","protected":false},"excerpt":{"rendered":"<p>Reseptit Katso Sirlyn reseptit ja opi kokkaamaan kuin huippukokki. Poimi julkaisuista ostoslista sek\u00e4 ohjeet. Kokkikoulu MasterChef Sirlyn kotikeitti\u00f6ss\u00e4 Kokkikoulu MasterChefist\u00e4 tutun Sirly Yll\u00e4sj\u00e4rven kotikeitti\u00f6ss\u00e4. Poimi julkaisuista Miten valmistaa kotona ravintolatason pizza? Ravintolatasoisen pizzan valmistus kotona vaatii todella kuuman uunin, Huippukokin ohjeella opit lasagnen! Aito Italialainen lasagne syntyy pitk\u00e4\u00e4n hautuneesta tomaattikastikkeesta ja Sirlyn porolihapullat juustosyd\u00e4mell\u00e4! Sirlyn [&hellip;]<\/p>\n","protected":false},"author":1,"featured_media":3344,"parent":0,"menu_order":5,"comment_status":"closed","ping_status":"closed","template":"elementor_header_footer","meta":{"site-sidebar-layout":"default","site-content-layout":"","ast-site-content-layout":"default","site-content-style":"default","site-sidebar-style":"default","ast-global-header-display":"","ast-banner-title-visibility":"","ast-main-header-display":"","ast-hfb-above-header-display":"","ast-hfb-below-header-display":"","ast-hfb-mobile-header-display":"","site-post-title":"","ast-breadcrumbs-content":"","ast-featured-img":"","footer-sml-layout":"","ast-disable-related-posts":"","theme-transparent-header-meta":"","adv-header-id-meta":"","stick-header-meta":"","header-above-stick-meta":"","header-main-stick-meta":"","header-below-stick-meta":"","astra-migrate-meta-layouts":"default","ast-page-background-enabled":"default","ast-page-background-meta":{"desktop":{"background-color":"var(--ast-global-color-4)","background-image":"","background-repeat":"repeat","background-position":"center center","background-size":"auto","background-attachment":"scroll","background-type":"","background-media":"","overlay-type":"","overlay-color":"","overlay-opacity":"","overlay-gradient":""},"tablet":{"background-color":"","background-image":"","background-repeat":"repeat","background-position":"center center","background-size":"auto","background-attachment":"scroll","background-type":"","background-media":"","overlay-type":"","overlay-color":"","overlay-opacity":"","overlay-gradient":""},"mobile":{"background-color":"","background-image":"","background-repeat":"repeat","background-position":"center center","background-size":"auto","background-attachment":"scroll","background-type":"","background-media":"","overlay-type":"","overlay-color":"","overlay-opacity":"","overlay-gradient":""}},"ast-content-background-meta":{"desktop":{"background-color":"var(--ast-global-color-5)","background-image":"","background-repeat":"repeat","background-position":"center center","background-size":"auto","background-attachment":"scroll","background-type":"","background-media":"","overlay-type":"","overlay-color":"","overlay-opacity":"","overlay-gradient":""},"tablet":{"background-color":"var(--ast-global-color-5)","background-image":"","background-repeat":"repeat","background-position":"center center","background-size":"auto","background-attachment":"scroll","background-type":"","background-media":"","overlay-type":"","overlay-color":"","overlay-opacity":"","overlay-gradient":""},"mobile":{"background-color":"var(--ast-global-color-5)","background-image":"","background-repeat":"repeat","background-position":"center center","background-size":"auto","background-attachment":"scroll","background-type":"","background-media":"","overlay-type":"","overlay-color":"","overlay-opacity":"","overlay-gradient":""}},"footnotes":""},"class_list":["post-4420","page","type-page","status-publish","has-post-thumbnail","hentry"],"_links":{"self":[{"href":"https:\/\/sirly.fi\/en\/wp-json\/wp\/v2\/pages\/4420","targetHints":{"allow":["GET"]}}],"collection":[{"href":"https:\/\/sirly.fi\/en\/wp-json\/wp\/v2\/pages"}],"about":[{"href":"https:\/\/sirly.fi\/en\/wp-json\/wp\/v2\/types\/page"}],"author":[{"embeddable":true,"href":"https:\/\/sirly.fi\/en\/wp-json\/wp\/v2\/users\/1"}],"replies":[{"embeddable":true,"href":"https:\/\/sirly.fi\/en\/wp-json\/wp\/v2\/comments?post=4420"}],"version-history":[{"count":4,"href":"https:\/\/sirly.fi\/en\/wp-json\/wp\/v2\/pages\/4420\/revisions"}],"predecessor-version":[{"id":9370,"href":"https:\/\/sirly.fi\/en\/wp-json\/wp\/v2\/pages\/4420\/revisions\/9370"}],"wp:featuredmedia":[{"embeddable":true,"href":"https:\/\/sirly.fi\/en\/wp-json\/wp\/v2\/media\/3344"}],"wp:attachment":[{"href":"https:\/\/sirly.fi\/en\/wp-json\/wp\/v2\/media?parent=4420"}],"curies":[{"name":"wp","href":"https:\/\/api.w.org\/{rel}","templated":true}]}}